{"id":374,"date":"2025-06-16T06:48:54","date_gmt":"2025-06-16T06:48:54","guid":{"rendered":"https:\/\/nathanvitter.fr\/?page_id=374"},"modified":"2025-07-04T09:49:10","modified_gmt":"2025-07-04T09:49:10","slug":"1ere-annee","status":"publish","type":"page","link":"https:\/\/nathanvitter.fr\/index.php\/1ere-annee\/","title":{"rendered":"Stage 1\u00e8re ann\u00e9e"},"content":{"rendered":"\t\t<div data-elementor-type=\"wp-page\" data-elementor-id=\"374\" class=\"elementor elementor-374\">\n\t\t\t\t<div class=\"elementor-element elementor-element-c6e1c66 e-flex e-con-boxed e-con e-parent\" data-id=\"c6e1c66\" data-element_type=\"container\" data-e-type=\"container\">\n\t\t\t\t\t<div class=\"e-con-inner\">\n\t\t\t\t<div class=\"elementor-element elementor-element-1b6de26 elementor-widget elementor-widget-html\" data-id=\"1b6de26\" data-element_type=\"widget\" data-e-type=\"widget\" data-widget_type=\"html.default\">\n\t\t\t\t<div class=\"elementor-widget-container\">\n\t\t\t\t\t<!DOCTYPE html>\r\n<html lang=\"fr\">\r\n<head>\r\n  <meta charset=\"UTF-8\" \/>\r\n  <meta name=\"viewport\" content=\"width=device-width, initial-scale=1.0\"\/>\r\n  <title>Stage 1\u00e8re Ann\u00e9e<\/title>\r\n  <link href=\"https:\/\/fonts.googleapis.com\/css2?family=Poppins&display=swap\" rel=\"stylesheet\">\r\n  <style>\r\n    * {\r\n      margin: 0;\r\n      padding: 0;\r\n      box-sizing: border-box;\r\n    }\r\n\r\n    body {\r\n      font-family: 'Poppins', sans-serif;\r\n      background-color: #f5f7fa;\r\n      color: #1e1e1e;\r\n    }\r\n\r\n    nav.navbar {\r\n      position: fixed;\r\n      top: 0;\r\n      left: 50%;\r\n      transform: translateX(-50%);\r\n      background-color: rgba(0, 0, 0, 0.6);\r\n      backdrop-filter: blur(10px);\r\n      z-index: 1000;\r\n      padding: 10px 20px;\r\n      border-radius: 0 0 15px 15px;\r\n      width: 100%;\r\n      max-width: 1000px;\r\n    }\r\n\r\n    .navbar .menu-desktop {\r\n      display: flex;\r\n      justify-content: center;\r\n      flex-wrap: wrap;\r\n      list-style: none;\r\n      padding: 0;\r\n      margin: 0;\r\n    }\r\n\r\n    .navbar li {\r\n      position: relative;\r\n    }\r\n\r\n    .navbar a {\r\n      color: white;\r\n      text-decoration: none;\r\n      margin: 0 15px;\r\n      font-weight: bold;\r\n      display: block;\r\n      padding: 8px 12px;\r\n      transition: color 0.3s ease;\r\n    }\r\n\r\n    .navbar a:hover {\r\n      color: #00aaff;\r\n    }\r\n\r\n    .navbar li ul {\r\n      display: none;\r\n      position: absolute;\r\n      top: 100%;\r\n      left: 0;\r\n      background-color: white;\r\n      min-width: 180px;\r\n      box-shadow: 0 4px 10px rgba(0,0,0,0.1);\r\n      border-radius: 8px;\r\n      z-index: 999;\r\n    }\r\n\r\n    .navbar li ul li a {\r\n      color: #000;\r\n      padding: 10px 15px;\r\n    }\r\n\r\n    .navbar li ul li a:hover {\r\n      background-color: #f5f7fa;\r\n    }\r\n\r\n    .navbar li:hover > ul {\r\n      display: block;\r\n    }\r\n\r\n    .spacer {\r\n      height: 70px;\r\n    }\r\n\r\n    header {\r\n      background: linear-gradient(to bottom, #F3F4F6, #E5E7EB);\r\n      text-align: center;\r\n      padding: 40px 20px;\r\n    }\r\n\r\n    header h1 {\r\n      font-size: 36px;\r\n      color: #1E40AF;\r\n    }\r\n\r\n    .stage-info, .week-selector {\r\n      max-width: 800px;\r\n      margin: 30px auto;\r\n      background: white;\r\n      padding: 25px;\r\n      border-radius: 10px;\r\n      box-shadow: 0 4px 10px rgba(0,0,0,0.05);\r\n    }\r\n\r\n    .stage-info h2, .week-selector h2 {\r\n      color: #1E3A8A;\r\n      margin-bottom: 15px;\r\n    }\r\n\r\n    .stage-info p, .week-content p {\r\n      color: #374151;\r\n      margin: 10px 0;\r\n      line-height: 1.6;\r\n    }\r\n\r\n    select {\r\n      padding: 10px;\r\n      font-size: 16px;\r\n      border-radius: 6px;\r\n      border: 1px solid #ccc;\r\n      margin-bottom: 20px;\r\n    }\r\n\r\n    .week-content h3 {\r\n      color: #1E3A8A;\r\n    }\r\n\r\n    .ast-single-post .entry-content a, .ast-comment-content a:not(.ast-comment-edit-reply-wrap a) {\r\n      text-decoration: none;\r\n    }\r\n  <\/style>\r\n<\/head>\r\n<body>\r\n\r\n  <nav class=\"navbar\">\r\n    <ul class=\"menu-desktop\">\r\n      <li><a href=\"\/\">Accueil<\/a><\/li>\r\n      <li><a href=\"\/index.php\/ap\/\">AP<\/a><\/li>\r\n      <li><a href=\"\/index.php\/activites\/\">Activit\u00e9s<\/a><\/li>\r\n      <li><a href=\"\/index.php\/projets\/\">Projets<\/a><\/li>\r\n      <li>\r\n        <a href=\"\/index.php\/stages\/stages\/\">Stages \u25bc<\/a>\r\n        <ul>\r\n          <li><a href=\"\/index.php\/stages\/1ere-annee\/\">Stage 1\u00e8re ann\u00e9e<\/a><\/li>\r\n          <li><a href=\"\/index.php\/stages\/2eme-annee\/\">Stage 2\u00e8me ann\u00e9e<\/a><\/li>\r\n        <\/ul>\r\n      <\/li>\r\n      <li><a href=\"\/index.php\/veille\/\">Veille<\/a><\/li>\r\n      <li><a href=\"\/index.php\/cv\/\">CV<\/a><\/li>\r\n      <li><a href=\"\/index.php\/contact\/\">Contact<\/a><\/li>\r\n      <li><a href=\"\/index.php\/competences\/\">Comp\u00e9tences<\/a><\/li>\r\n      <li><a href=\"\/index.php\/certifications\/\">Certifications<\/a><\/li>\r\n    <\/ul>\r\n  <\/nav>\r\n\r\n  <div class=\"spacer\"><\/div>\r\n\r\n  <header>\r\n    <h1>Stage 1\u00e8re Ann\u00e9e - Compte-Rendu<\/h1>\r\n  <\/header>\r\n\r\n  <section class=\"stage-info\">\r\n    <h2>Informations sur le Stage<\/h2>\r\n    <p><strong>Lieu :<\/strong> Agglom\u00e9ration du Pays de Grasse<\/p>\r\n    <p><strong>Service :<\/strong> Direction des Syst\u00e8mes d\u2019Information<\/p>\r\n    <p><strong>Dur\u00e9e :<\/strong> 5 semaines (du 2 juin au 4 juillet 2025)<\/p>\r\n    <p><strong>Mission principale :<\/strong> D\u00e9couverte de la gestion r\u00e9seau, des outils de supervision et de l\u2019assistance aux utilisateurs.<\/p>\r\n  <\/section>\r\n\r\n  <section class=\"week-selector\">\r\n    <h2>Consultez le Compte-Rendu par Semaine<\/h2>\r\n    <select id=\"weekSelect\" onchange=\"showWeekContent()\">\r\n      <option value=\"1\">Semaine 1<\/option>\r\n      <option value=\"2\">Semaine 2<\/option>\r\n      <option value=\"3\">Semaine 3<\/option>\r\n      <option value=\"4\">Semaine 4<\/option>\r\n      <option value=\"5\">Semaine 5<\/option>\r\n    <\/select>\r\n\r\n    <div class=\"week-content\" id=\"weekContent\">\r\n      <h3>Semaine 1<\/h3>\r\n      <p>Durant ma premi\u00e8re semaine de stage \u00e0 la DSI de l\u2019agglom\u00e9ration de Grasse, j\u2019ai particip\u00e9 \u00e0 la cr\u00e9ation de comptes, \u00e0 l\u2019installation de postes informatiques, au rep\u00e9rage r\u00e9seau dans des bureaux, ainsi qu\u2019\u00e0 une intervention \u00e0 la cr\u00e8che de Sp\u00e9rac\u00e8des pour configurer un VPN IPsec. J\u2019ai \u00e9galement mis \u00e0 jour des tableaux techniques sur les routeurs et points d\u2019acc\u00e8s r\u00e9seau.<\/p>\r\n      <p><a href=\"https:\/\/nathanvitter.fr\/wp-content\/uploads\/2025\/06\/Rendu-de-stage-Grasse-_-02_06_25-_-04_07_25-1.pdf\" target=\"_blank\">Voir le compte-rendu (PDF)<\/a><\/p>\r\n    <\/div>\r\n  <\/section>\r\n\r\n  <script>\r\n    const contents = {\r\n      1: `<h3>Semaine 1<\/h3><p>Durant ma premi\u00e8re semaine de stage \u00e0 la DSI de l\u2019agglom\u00e9ration de Grasse, j\u2019ai particip\u00e9 \u00e0 la cr\u00e9ation de comptes, \u00e0 l\u2019installation de postes informatiques, au rep\u00e9rage r\u00e9seau dans des bureaux, ainsi qu\u2019\u00e0 une intervention \u00e0 la cr\u00e8che de Sp\u00e9rac\u00e8des pour configurer un VPN IPsec. J\u2019ai \u00e9galement mis \u00e0 jour des tableaux techniques sur les routeurs et points d\u2019acc\u00e8s r\u00e9seau.<\/p><p><a href=\"https:\/\/nathanvitter.fr\/wp-content\/uploads\/2025\/06\/Rendu-de-stage-Grasse-_-02_06_25-_-04_07_25-1.pdf\" target=\"_blank\">Voir le compte-rendu (PDF)<\/a><\/p>`,\r\n      2: `<h3>Semaine 2<\/h3><p>Contenu \u00e0 venir\u2026<\/p>`,\r\n      3: `<h3>Semaine 3<\/h3><p>Contenu \u00e0 venir\u2026<\/p>`,\r\n      4: `<h3>Semaine 4<\/h3><p>Contenu \u00e0 venir\u2026<\/p>`,\r\n      5: `<h3>Semaine 5<\/h3><p>Contenu \u00e0 venir\u2026<\/p>`\r\n    };\r\n\r\n    function showWeekContent() {\r\n      const selected = document.getElementById('weekSelect').value;\r\n      document.getElementById('weekContent').innerHTML = contents[selected];\r\n    }\r\n  <\/script>\r\n\r\n<\/body>\r\n<\/html>\r\n\t\t\t\t<\/div>\n\t\t\t\t<\/div>\n\t\t\t\t\t<\/div>\n\t\t\t\t<\/div>\n\t\t<div class=\"elementor-element elementor-element-7d9dfca e-flex e-con-boxed e-con e-parent\" data-id=\"7d9dfca\" data-element_type=\"container\" data-e-type=\"container\">\n\t\t\t\t\t<div class=\"e-con-inner\">\n\t\t\t\t\t<\/div>\n\t\t\t\t<\/div>\n\t\t\t\t<\/div>\n\t\t","protected":false},"excerpt":{"rendered":"<p>Stage 1\u00e8re Ann\u00e9e Accueil AP Activit\u00e9s Projets Stages \u25bc Stage 1\u00e8re ann\u00e9e Stage 2\u00e8me ann\u00e9e Veille CV Contact Comp\u00e9tences Certifications [&hellip;]<\/p>\n","protected":false},"author":1,"featured_media":0,"parent":0,"menu_order":0,"comment_status":"closed","ping_status":"closed","template":"","meta":{"site-sidebar-layout":"no-sidebar","site-content-layout":"","ast-site-content-layout":"full-width-container","site-content-style":"default","site-sidebar-style":"default","ast-global-header-display":"","ast-banner-title-visibility":"","ast-main-header-display":"","ast-hfb-above-header-display":"","ast-hfb-below-header-display":"","ast-hfb-mobile-header-display":"","site-post-title":"disabled","ast-breadcrumbs-content":"","ast-featured-img":"disabled","footer-sml-layout":"","ast-disable-related-posts":"","theme-transparent-header-meta":"","adv-header-id-meta":"","stick-header-meta":"","header-above-stick-meta":"","header-main-stick-meta":"","header-below-stick-meta":"","astra-migrate-meta-layouts":"default","ast-page-background-enabled":"default","ast-page-background-meta":{"desktop":{"background-color":"var(--ast-global-color-5)","background-image":"","background-repeat":"repeat","background-position":"center center","background-size":"auto","background-attachment":"scroll","background-type":"","background-media":"","overlay-type":"","overlay-color":"","overlay-opacity":"","overlay-gradient":""},"tablet":{"background-color":"","background-image":"","background-repeat":"repeat","background-position":"center center","background-size":"auto","background-attachment":"scroll","background-type":"","background-media":"","overlay-type":"","overlay-color":"","overlay-opacity":"","overlay-gradient":""},"mobile":{"background-color":"","background-image":"","background-repeat":"repeat","background-position":"center center","background-size":"auto","background-attachment":"scroll","background-type":"","background-media":"","overlay-type":"","overlay-color":"","overlay-opacity":"","overlay-gradient":""}},"ast-content-background-meta":{"desktop":{"background-color":"var(--ast-global-color-4)","background-image":"","background-repeat":"repeat","background-position":"center center","background-size":"auto","background-attachment":"scroll","background-type":"","background-media":"","overlay-type":"","overlay-color":"","overlay-opacity":"","overlay-gradient":""},"tablet":{"background-color":"var(--ast-global-color-4)","background-image":"","background-repeat":"repeat","background-position":"center center","background-size":"auto","background-attachment":"scroll","background-type":"","background-media":"","overlay-type":"","overlay-color":"","overlay-opacity":"","overlay-gradient":""},"mobile":{"background-color":"var(--ast-global-color-4)","background-image":"","background-repeat":"repeat","background-position":"center center","background-size":"auto","background-attachment":"scroll","background-type":"","background-media":"","overlay-type":"","overlay-color":"","overlay-opacity":"","overlay-gradient":""}},"footnotes":""},"class_list":["post-374","page","type-page","status-publish","hentry"],"_links":{"self":[{"href":"https:\/\/nathanvitter.fr\/index.php\/wp-json\/wp\/v2\/pages\/374","targetHints":{"allow":["GET"]}}],"collection":[{"href":"https:\/\/nathanvitter.fr\/index.php\/wp-json\/wp\/v2\/pages"}],"about":[{"href":"https:\/\/nathanvitter.fr\/index.php\/wp-json\/wp\/v2\/types\/page"}],"author":[{"embeddable":true,"href":"https:\/\/nathanvitter.fr\/index.php\/wp-json\/wp\/v2\/users\/1"}],"replies":[{"embeddable":true,"href":"https:\/\/nathanvitter.fr\/index.php\/wp-json\/wp\/v2\/comments?post=374"}],"version-history":[{"count":34,"href":"https:\/\/nathanvitter.fr\/index.php\/wp-json\/wp\/v2\/pages\/374\/revisions"}],"predecessor-version":[{"id":576,"href":"https:\/\/nathanvitter.fr\/index.php\/wp-json\/wp\/v2\/pages\/374\/revisions\/576"}],"wp:attachment":[{"href":"https:\/\/nathanvitter.fr\/index.php\/wp-json\/wp\/v2\/media?parent=374"}],"curies":[{"name":"wp","href":"https:\/\/api.w.org\/{rel}","templated":true}]}}